{"id":263,"date":"2022-08-05T13:20:33","date_gmt":"2022-08-05T11:20:33","guid":{"rendered":"https:\/\/www.hvar.si\/?page_id=263"},"modified":"2022-09-30T11:39:26","modified_gmt":"2022-09-30T09:39:26","slug":"brancin","status":"publish","type":"page","link":"https:\/\/www.hvar.si\/sl\/proizvodi\/brancin\/","title":{"rendered":"Brancin"},"content":{"rendered":"<div  class=\"grids-section grids-is-stretch\" style=\"--_gs-gap-desktop:3rem 3rem;--_gs-m-desktop:0 0 0 0;--_gs-p-desktop:0 0 0 0;--_gs-bg-desktop:transparent none;--_gs-bg-xp-desktop:0px;--_gs-zi-desktop:auto;--_gs-d-desktop:block;--_gs-mw-desktop:calc(100% - 0 - 0);--_gs-gap-tablet:3rem 3rem;--_gs-m-tablet:0 0 0 0;--_gs-p-tablet:0 0 0 0;--_gs-bg-tablet:transparent none;--_gs-bg-xp-tablet:0px;--_gs-zi-tablet:auto;--_gs-d-tablet:block;--_gs-mw-tablet:calc(100% - 0 - 0);--_gs-gap-mobile:3rem 3rem;--_gs-m-mobile:0 0 0 0;--_gs-p-mobile:0 0 0 0;--_gs-bg-mobile:transparent none;--_gs-bg-xp-mobile:0px;--_gs-zi-mobile:auto;--_gs-d-mobile:block;--_gs-mw-mobile:calc(100% - 0 - 0);--_gs-columns:2;--_gs-rows:1\"><div class=\"grids-s-w_i\">\n<div class=\"grids-area\" style=\"--_ga-column:1\/2;--_ga-row:1\/2;--_ga-m-desktop:0 0 0 0;--_ga-p-desktop:0 0 0 0;--_ga-bg-desktop:transparent none;--_ga-zi-desktop:auto;--_ga-d-desktop:flex;--_ga-mw-desktop:calc(100% - 0 - 0);--_ga-m-tablet:0 0 0 0;--_ga-p-tablet:0 0 0 0;--_ga-bg-tablet:transparent none;--_ga-zi-tablet:auto;--_ga-d-tablet:flex;--_ga-mw-tablet:calc(100% - 0 - 0);--_ga-m-mobile:0 0 0 0;--_ga-p-mobile:0 0 0 0;--_ga-bg-mobile:transparent none;--_ga-zi-mobile:auto;--_ga-d-mobile:flex;--_ga-mw-mobile:calc(100% - 0 - 0)\">\n<div class=\"wp-block-image\">\n<figure class=\"aligncenter size-full is-resized\"><img loading=\"lazy\" decoding=\"async\" src=\"https:\/\/www.hvar.si\/wp-content\/uploads\/2022\/08\/698194_edc3e80767ee46a2b22d5a4e920bfae0_mv2.png\" alt=\"\" class=\"wp-image-72\" width=\"300\" height=\"113\"\/><\/figure><\/div>\n<\/div>\n\n<div class=\"grids-area\" style=\"--_ga-column:2\/3;--_ga-row:1\/2;--_ga-m-desktop:0 0 0 0;--_ga-p-desktop:0 0 0 0;--_ga-bg-desktop:transparent none;--_ga-zi-desktop:auto;--_ga-d-desktop:flex;--_ga-mw-desktop:calc(100% - 0 - 0);--_ga-m-tablet:0 0 0 0;--_ga-p-tablet:0 0 0 0;--_ga-bg-tablet:transparent none;--_ga-zi-tablet:auto;--_ga-d-tablet:flex;--_ga-mw-tablet:calc(100% - 0 - 0);--_ga-m-mobile:0 0 0 0;--_ga-p-mobile:0 0 0 0;--_ga-bg-mobile:transparent none;--_ga-zi-mobile:auto;--_ga-d-mobile:flex;--_ga-mw-mobile:calc(100% - 0 - 0)\">\n<div class=\"wp-block-image\">\n<figure class=\"aligncenter size-full\"><img loading=\"lazy\" decoding=\"async\" width=\"300\" height=\"111\" src=\"https:\/\/www.hvar.si\/wp-content\/uploads\/2022\/08\/698194_492ba4be1f0042908535cb3e77c345b9_mv2.jpg\" alt=\"\" class=\"wp-image-71\"\/><\/figure><\/div>\n<\/div>\n<\/div><\/div>\n\n\n<div style=\"height:45px\" aria-hidden=\"true\" class=\"wp-block-spacer\"><\/div>\n\n\n\n<p>Brancin je zelo mogo\u010dna morska riba iz rodu roparic, zaradi \u010desar so jo mnogi okronali kar za vladarja obalnih predelov morja. Ima mo\u010dno telo in velika usta z naprej \u0161trle\u010do spodnjo \u010deljustjo, zato se spravi tudi na plen, ki je ve\u010dji od njega, sicer pa se prehranjuje predvsem z manj\u0161imi ribami, pa tudi raki in drobnimi nevreten\u010darji. Na \u010deljustih ima polno drobnih zob, ki delujejo kot nekak\u0161en brusni papir, plenu pa uspe\u0161no onemogo\u010dijo pobeg. Velike o\u010di pa so dokaz, da ta riba na svoj plen pre\u017ei zlasti v ve\u010dernem in no\u010dnem \u010dasu.<\/p>\n\n\n\n<div style=\"height:45px\" aria-hidden=\"true\" class=\"wp-block-spacer\"><\/div>\n\n\n<div class=\"wp-block-image\">\n<figure class=\"aligncenter size-full\"><img loading=\"lazy\" decoding=\"async\" width=\"600\" height=\"328\" src=\"https:\/\/www.hvar.si\/wp-content\/uploads\/2022\/08\/698194_3b7b35b02a4f4d1a85ba5ada1915ce3b_mv2-600x328-1.png\" alt=\"\" class=\"wp-image-77\" srcset=\"https:\/\/www.hvar.si\/wp-content\/uploads\/2022\/08\/698194_3b7b35b02a4f4d1a85ba5ada1915ce3b_mv2-600x328-1.png 600w, https:\/\/www.hvar.si\/wp-content\/uploads\/2022\/08\/698194_3b7b35b02a4f4d1a85ba5ada1915ce3b_mv2-600x328-1-400x219.png 400w\" sizes=\"auto, (max-width: 600px) 100vw, 600px\" \/><\/figure><\/div>\n\n\n<div style=\"height:45px\" aria-hidden=\"true\" class=\"wp-block-spacer\"><\/div>\n\n\n\n<p>Je zelo raz\u0161irjena riba, \u017eivi na obmo\u010dju celotnega Mediterana, tudi v Atlantskem oceanu, seveda pa je te vrste rib veliko tudi v Jadranskem morju. Ni prav zahteven, dobro se znajde tako v bistri, kot motni vodi, ustreza mu bolj ali manj slana, pogosto pa se jate zate\u010dejo tudi v ustja rek, kjer voda prehaja v sladko. Brancini se v ve\u010dje jate se zdru\u017eujejo dvakrat na leto, v \u010dasu parjenja konec decembra, ter konec pomladi, ko se za\u010dne morje segrevati in prese\u017ee temperaturo 17\u00b0C. Najbolj mu ustrezajo \u017eivljenjski pogoji na globini od dveh do desetih metrov, najti pa ga je mogo\u010de tudi na globini do sto metrov. Hrva\u0161ki ribi\u010di brancinu, ki ga znanstveniki imenujejo Dicentrachus, pogosto re\u010dejo tudi lubin, dut, levrek, smudut, vuk, odvisno od obmo\u010dja, v zadnjem \u010dasu pa se ga je \u017ee prijelo ljubkovalno ime \u2013 branko!<\/p>\n\n\n\n<p>Brancinovo telo je vreten\u010daste oblike, pokritim z drobnimi luskami, zanj pa je zna\u010dilna dvojna hrbtna plavut. Po hrbtu je svin\u010deno sive barve, po trebuhu srebrno bele. Na koncu \u0161kr\u017enega poklopca ima temno pego z dvema bodicama. V naravnem okolju zraste v dol\u017eino do enega metra in lahko dose\u017ee te\u017eo celo ve\u010djo od deset kilogramov. V Jadranu najve\u010d brancinov ulovijo na obmo\u010dju Istre. Lov naj je mogo\u010d vse leto, najve\u010dji ulov pa ribi\u010di bele\u017eijo jeseni. Za gospodarski ribolov ga lovijo z mre\u017eami, zelo priljubljen pa je tudi za \u0161portni ribolov s trnekom, panolo, parangalom, harpuno, za mnoge pa je razburljiv tudi lov s podvodno pu\u0161ko.<\/p>\n\n\n\n<p>Prav zaradi velike prilagodljivosti brancina gojijo v \u0161tevilnih ribogojnicah, kjer v dveh letih pridobi gospodarsko te\u017eo med 25 in 30 dekagrami. Meso te bele ribe sodi v najvi\u0161ji kakovostni razred, saj je mehko in odli\u010dnega okusa. Mnogi si privo\u0161\u010dijo preprosto pe\u010denega na \u017earu, drugi prisegajo na peko v soli, tretji obo\u017eujejo ocvrtega, najve\u010dji gurmani pa poznajo tudi kuhanega \u2019na le\u0161o\u2019, kot na\u010dinu priprave re\u010dejo Dalmatinci.<\/p>\n\n\n\n<div style=\"height:45px\" aria-hidden=\"true\" class=\"wp-block-spacer\"><\/div>\n\n\n\n<figure class=\"wp-block-image size-full\"><img loading=\"lazy\" decoding=\"async\" width=\"1160\" height=\"560\" src=\"https:\/\/www.hvar.si\/wp-content\/uploads\/2022\/08\/698194_8271c8f6bb924511b190376f40cb3b29_mv2.jpeg\" alt=\"\" class=\"wp-image-82\" srcset=\"https:\/\/www.hvar.si\/wp-content\/uploads\/2022\/08\/698194_8271c8f6bb924511b190376f40cb3b29_mv2.jpeg 1160w, https:\/\/www.hvar.si\/wp-content\/uploads\/2022\/08\/698194_8271c8f6bb924511b190376f40cb3b29_mv2-400x193.jpeg 400w, https:\/\/www.hvar.si\/wp-content\/uploads\/2022\/08\/698194_8271c8f6bb924511b190376f40cb3b29_mv2-768x371.jpeg 768w\" sizes=\"auto, (max-width: 1160px) 100vw, 1160px\" \/><\/figure>\n","protected":false},"excerpt":{"rendered":"<p>Brancin je zelo mogo\u010dna morska riba iz rodu roparic, zaradi \u010desar so jo mnogi okronali kar za vladarja obalnih predelov morja. Ima mo\u010dno telo in velika usta z naprej \u0161trle\u010do spodnjo \u010deljustjo, zato se spravi tudi na plen, ki je ve\u010dji od njega, sicer pa se prehranjuje predvsem z manj\u0161imi ribami, pa tudi raki in [&hellip;]<\/p>\n","protected":false},"author":1,"featured_media":0,"parent":265,"menu_order":0,"comment_status":"closed","ping_status":"closed","template":"","meta":{"inline_featured_image":false,"footnotes":""},"class_list":["post-263","page","type-page","status-publish","hentry"],"acf":[],"yoast_head":"<!-- This site is optimized with the Yoast SEO plugin v19.7.1 - https:\/\/yoast.com\/wordpress\/plugins\/seo\/ -->\n<title>Brancin - Hama Hvar<\/title>\n<meta name=\"robots\" content=\"index, follow, max-snippet:-1, max-image-preview:large, max-video-preview:-1\" \/>\n<link rel=\"canonical\" href=\"https:\/\/www.hvar.si\/sl\/proizvodi\/brancin\/\" \/>\n<meta property=\"og:locale\" content=\"sl_SI\" \/>\n<meta property=\"og:type\" content=\"article\" \/>\n<meta property=\"og:title\" content=\"Brancin - Hama Hvar\" \/>\n<meta property=\"og:description\" content=\"Brancin je zelo mogo\u010dna morska riba iz rodu roparic, zaradi \u010desar so jo mnogi okronali kar za vladarja obalnih predelov morja. Ima mo\u010dno telo in velika usta z naprej \u0161trle\u010do spodnjo \u010deljustjo, zato se spravi tudi na plen, ki je ve\u010dji od njega, sicer pa se prehranjuje predvsem z manj\u0161imi ribami, pa tudi raki in [&hellip;]\" \/>\n<meta property=\"og:url\" content=\"https:\/\/www.hvar.si\/sl\/proizvodi\/brancin\/\" \/>\n<meta property=\"og:site_name\" content=\"Hama Hvar\" \/>\n<meta property=\"article:modified_time\" content=\"2022-09-30T09:39:26+00:00\" \/>\n<meta property=\"og:image\" content=\"https:\/\/www.hvar.si\/wp-content\/uploads\/2022\/08\/698194_edc3e80767ee46a2b22d5a4e920bfae0_mv2.png\" \/>\n<meta name=\"twitter:card\" content=\"summary_large_image\" \/>\n<meta name=\"twitter:label1\" content=\"Est. reading time\" \/>\n\t<meta name=\"twitter:data1\" content=\"2 minuti\" \/>\n<script type=\"application\/ld+json\" class=\"yoast-schema-graph\">{\"@context\":\"https:\/\/schema.org\",\"@graph\":[{\"@type\":\"WebPage\",\"@id\":\"https:\/\/www.hvar.si\/sl\/proizvodi\/brancin\/\",\"url\":\"https:\/\/www.hvar.si\/sl\/proizvodi\/brancin\/\",\"name\":\"Brancin - Hama Hvar\",\"isPartOf\":{\"@id\":\"https:\/\/www.hvar.si\/#website\"},\"datePublished\":\"2022-08-05T11:20:33+00:00\",\"dateModified\":\"2022-09-30T09:39:26+00:00\",\"breadcrumb\":{\"@id\":\"https:\/\/www.hvar.si\/sl\/proizvodi\/brancin\/#breadcrumb\"},\"inLanguage\":\"sl-SI\",\"potentialAction\":[{\"@type\":\"ReadAction\",\"target\":[\"https:\/\/www.hvar.si\/sl\/proizvodi\/brancin\/\"]}]},{\"@type\":\"BreadcrumbList\",\"@id\":\"https:\/\/www.hvar.si\/sl\/proizvodi\/brancin\/#breadcrumb\",\"itemListElement\":[{\"@type\":\"ListItem\",\"position\":1,\"name\":\"Home\",\"item\":\"https:\/\/www.hvar.si\/sl\/\"},{\"@type\":\"ListItem\",\"position\":2,\"name\":\"Proizvodi\",\"item\":\"https:\/\/www.hvar.si\/sl\/proizvodi\/\"},{\"@type\":\"ListItem\",\"position\":3,\"name\":\"Brancin\"}]},{\"@type\":\"WebSite\",\"@id\":\"https:\/\/www.hvar.si\/#website\",\"url\":\"https:\/\/www.hvar.si\/\",\"name\":\"Hama Hvar\",\"description\":\"\",\"potentialAction\":[{\"@type\":\"SearchAction\",\"target\":{\"@type\":\"EntryPoint\",\"urlTemplate\":\"https:\/\/www.hvar.si\/?s={search_term_string}\"},\"query-input\":\"required name=search_term_string\"}],\"inLanguage\":\"sl-SI\"}]}<\/script>\n<!-- \/ Yoast SEO plugin. -->","yoast_head_json":{"title":"Brancin - Hama Hvar","robots":{"index":"index","follow":"follow","max-snippet":"max-snippet:-1","max-image-preview":"max-image-preview:large","max-video-preview":"max-video-preview:-1"},"canonical":"https:\/\/www.hvar.si\/sl\/proizvodi\/brancin\/","og_locale":"sl_SI","og_type":"article","og_title":"Brancin - Hama Hvar","og_description":"Brancin je zelo mogo\u010dna morska riba iz rodu roparic, zaradi \u010desar so jo mnogi okronali kar za vladarja obalnih predelov morja. Ima mo\u010dno telo in velika usta z naprej \u0161trle\u010do spodnjo \u010deljustjo, zato se spravi tudi na plen, ki je ve\u010dji od njega, sicer pa se prehranjuje predvsem z manj\u0161imi ribami, pa tudi raki in [&hellip;]","og_url":"https:\/\/www.hvar.si\/sl\/proizvodi\/brancin\/","og_site_name":"Hama Hvar","article_modified_time":"2022-09-30T09:39:26+00:00","og_image":[{"url":"https:\/\/www.hvar.si\/wp-content\/uploads\/2022\/08\/698194_edc3e80767ee46a2b22d5a4e920bfae0_mv2.png"}],"twitter_card":"summary_large_image","twitter_misc":{"Est. reading time":"2 minuti"},"schema":{"@context":"https:\/\/schema.org","@graph":[{"@type":"WebPage","@id":"https:\/\/www.hvar.si\/sl\/proizvodi\/brancin\/","url":"https:\/\/www.hvar.si\/sl\/proizvodi\/brancin\/","name":"Brancin - Hama Hvar","isPartOf":{"@id":"https:\/\/www.hvar.si\/#website"},"datePublished":"2022-08-05T11:20:33+00:00","dateModified":"2022-09-30T09:39:26+00:00","breadcrumb":{"@id":"https:\/\/www.hvar.si\/sl\/proizvodi\/brancin\/#breadcrumb"},"inLanguage":"sl-SI","potentialAction":[{"@type":"ReadAction","target":["https:\/\/www.hvar.si\/sl\/proizvodi\/brancin\/"]}]},{"@type":"BreadcrumbList","@id":"https:\/\/www.hvar.si\/sl\/proizvodi\/brancin\/#breadcrumb","itemListElement":[{"@type":"ListItem","position":1,"name":"Home","item":"https:\/\/www.hvar.si\/sl\/"},{"@type":"ListItem","position":2,"name":"Proizvodi","item":"https:\/\/www.hvar.si\/sl\/proizvodi\/"},{"@type":"ListItem","position":3,"name":"Brancin"}]},{"@type":"WebSite","@id":"https:\/\/www.hvar.si\/#website","url":"https:\/\/www.hvar.si\/","name":"Hama Hvar","description":"","potentialAction":[{"@type":"SearchAction","target":{"@type":"EntryPoint","urlTemplate":"https:\/\/www.hvar.si\/?s={search_term_string}"},"query-input":"required name=search_term_string"}],"inLanguage":"sl-SI"}]}},"_links":{"self":[{"href":"https:\/\/www.hvar.si\/sl\/wp-json\/wp\/v2\/pages\/263","targetHints":{"allow":["GET"]}}],"collection":[{"href":"https:\/\/www.hvar.si\/sl\/wp-json\/wp\/v2\/pages"}],"about":[{"href":"https:\/\/www.hvar.si\/sl\/wp-json\/wp\/v2\/types\/page"}],"author":[{"embeddable":true,"href":"https:\/\/www.hvar.si\/sl\/wp-json\/wp\/v2\/users\/1"}],"replies":[{"embeddable":true,"href":"https:\/\/www.hvar.si\/sl\/wp-json\/wp\/v2\/comments?post=263"}],"version-history":[{"count":1,"href":"https:\/\/www.hvar.si\/sl\/wp-json\/wp\/v2\/pages\/263\/revisions"}],"predecessor-version":[{"id":264,"href":"https:\/\/www.hvar.si\/sl\/wp-json\/wp\/v2\/pages\/263\/revisions\/264"}],"up":[{"embeddable":true,"href":"https:\/\/www.hvar.si\/sl\/wp-json\/wp\/v2\/pages\/265"}],"wp:attachment":[{"href":"https:\/\/www.hvar.si\/sl\/wp-json\/wp\/v2\/media?parent=263"}],"curies":[{"name":"wp","href":"https:\/\/api.w.org\/{rel}","templated":true}]}}