{"id":257,"date":"2022-08-05T20:52:28","date_gmt":"2022-08-05T18:52:28","guid":{"rendered":"https:\/\/www.hvar.si\/?page_id=257"},"modified":"2022-09-30T11:37:50","modified_gmt":"2022-09-30T09:37:50","slug":"hama","status":"publish","type":"page","link":"https:\/\/www.hvar.si\/sl\/hama\/","title":{"rendered":"Hama"},"content":{"rendered":"\n<p><strong>Od kod ime Hama?<\/strong><\/p>\n\n\n\n<p><strong>Hama&nbsp;<\/strong>(znanstveno&nbsp;<em>Argyrosomus regius<\/em>) je vrsta zelo cenjene bele ribe, ki jo je bilo pred sto leti po vsem Jadranskem morju v izobilju, najve\u010d na ustjih rek Cetine in Neretve, kjer jo je \u0161e danes mogo\u010de najti. Zaradi izjemnega okusa, ki spominja na brancina, je bila med Dalmatinci nekdaj zelo priljubljena. Redkim primerkom, ki ribi\u010de \u0161e danes kdaj pa kdaj presenetijo v mre\u017eah, nare\u010dno re\u010dejo&nbsp;<em>krb.<\/em><\/p>\n\n\n\n<p>Ta najve\u010dja riba iz dru\u017eine senc zraste do 230 centimetrov v dol\u017eino, obi\u010dajno tehta pribli\u017eno 50 kilogramov, lahko pa jih dose\u017ee tudi sto. Danes ta vrsta rib v Jadranu \u017ee sodi med ogro\u017eene vrste, ni pa znano, ali so jo iztrebili ribi\u010di z obse\u017enim izlovom, ali pa so za izginotje krivi spremenjeni biotski pogoji.<\/p>\n\n\n\n<p>Hama ima plo\u0161\u010dato podolgovato telo, v obliki razvle\u010dene kapljice, njeno meso vsebuje zelo malo ko\u0161\u010dic. Zanimiva so njena velika usta, saj ima na \u010deljustih zobe razporejene v vzporednih vrstah, na spodnji \u010deljusti kar v treh. Je srebrnkaste barve, luske ji dodajo poseben bronast sijaj, njene plavuti so sive, notranjost ust pa je mo\u010dne oran\u017eno-rumene barve.<\/p>\n\n\n\n<p>\u017divi v globini od 15 do 30 metrov, v pozni pomladi, ko je \u010das za parjenje, se pribli\u017ea obali, od tam pa, v manj\u0161ih jatah, poi\u0161\u010de zavetje v ustjih rek. Tam se Hame drstijo od aprila do julija, potem pa se vrnejo na odprto morje. Ta vrsta ribe je zelo ob\u010dutljiva na temperature morja, zato poleti obi\u0161\u010de severnej\u0161e vode v Jadranu, pozimi pa ji bolj prijajo ju\u017eni deli. Sodi v rod rib roparic, prehranjuje se z manj\u0161imi ribami, plavajo\u010dimi raki in glavono\u017eci.<\/p>\n\n\n\n<p>Nekateri ribogojci bi hamo radi o\u017eivili in gojeno ponudili gurmanom. Poskusili so jo vzgojiti \u0161tevilni ribogojci vzdol\u017e Jadrana, na trgu so ponujali mlade, te\u017eke od dva do pet kilogramov, a se je izkazalo, da je vzreja te vrste ribe zelo zahtevna in negotova. Ve\u010dina je svoj namen zato opustila, nekatere pa gojenje \u0161e vedno vznemirja in se igrajo z mislijo po novih poskusih.<\/p>\n","protected":false},"excerpt":{"rendered":"<p>Od kod ime Hama? Hama&nbsp;(znanstveno&nbsp;Argyrosomus regius) je vrsta zelo cenjene bele ribe, ki jo je bilo pred sto leti po vsem Jadranskem morju v izobilju, najve\u010d na ustjih rek Cetine in Neretve, kjer jo je \u0161e danes mogo\u010de najti. Zaradi izjemnega okusa, ki spominja na brancina, je bila med Dalmatinci nekdaj zelo priljubljena. Redkim primerkom, [&hellip;]<\/p>\n","protected":false},"author":1,"featured_media":0,"parent":0,"menu_order":0,"comment_status":"closed","ping_status":"closed","template":"","meta":{"inline_featured_image":false,"footnotes":""},"class_list":["post-257","page","type-page","status-publish","hentry"],"acf":[],"yoast_head":"<!-- This site is optimized with the Yoast SEO plugin v19.7.1 - https:\/\/yoast.com\/wordpress\/plugins\/seo\/ -->\n<title>Hama - Hama Hvar<\/title>\n<meta name=\"robots\" content=\"index, follow, max-snippet:-1, max-image-preview:large, max-video-preview:-1\" \/>\n<link rel=\"canonical\" href=\"https:\/\/www.hvar.si\/sl\/hama\/\" \/>\n<meta property=\"og:locale\" content=\"sl_SI\" \/>\n<meta property=\"og:type\" content=\"article\" \/>\n<meta property=\"og:title\" content=\"Hama - Hama Hvar\" \/>\n<meta property=\"og:description\" content=\"Od kod ime Hama? Hama&nbsp;(znanstveno&nbsp;Argyrosomus regius) je vrsta zelo cenjene bele ribe, ki jo je bilo pred sto leti po vsem Jadranskem morju v izobilju, najve\u010d na ustjih rek Cetine in Neretve, kjer jo je \u0161e danes mogo\u010de najti. Zaradi izjemnega okusa, ki spominja na brancina, je bila med Dalmatinci nekdaj zelo priljubljena. Redkim primerkom, [&hellip;]\" \/>\n<meta property=\"og:url\" content=\"https:\/\/www.hvar.si\/sl\/hama\/\" \/>\n<meta property=\"og:site_name\" content=\"Hama Hvar\" \/>\n<meta property=\"article:modified_time\" content=\"2022-09-30T09:37:50+00:00\" \/>\n<meta name=\"twitter:card\" content=\"summary_large_image\" \/>\n<meta name=\"twitter:label1\" content=\"Est. reading time\" \/>\n\t<meta name=\"twitter:data1\" content=\"2 minuti\" \/>\n<script type=\"application\/ld+json\" class=\"yoast-schema-graph\">{\"@context\":\"https:\/\/schema.org\",\"@graph\":[{\"@type\":\"WebPage\",\"@id\":\"https:\/\/www.hvar.si\/sl\/hama\/\",\"url\":\"https:\/\/www.hvar.si\/sl\/hama\/\",\"name\":\"Hama - Hama Hvar\",\"isPartOf\":{\"@id\":\"https:\/\/www.hvar.si\/#website\"},\"datePublished\":\"2022-08-05T18:52:28+00:00\",\"dateModified\":\"2022-09-30T09:37:50+00:00\",\"breadcrumb\":{\"@id\":\"https:\/\/www.hvar.si\/sl\/hama\/#breadcrumb\"},\"inLanguage\":\"sl-SI\",\"potentialAction\":[{\"@type\":\"ReadAction\",\"target\":[\"https:\/\/www.hvar.si\/sl\/hama\/\"]}]},{\"@type\":\"BreadcrumbList\",\"@id\":\"https:\/\/www.hvar.si\/sl\/hama\/#breadcrumb\",\"itemListElement\":[{\"@type\":\"ListItem\",\"position\":1,\"name\":\"Home\",\"item\":\"https:\/\/www.hvar.si\/sl\/\"},{\"@type\":\"ListItem\",\"position\":2,\"name\":\"Hama\"}]},{\"@type\":\"WebSite\",\"@id\":\"https:\/\/www.hvar.si\/#website\",\"url\":\"https:\/\/www.hvar.si\/\",\"name\":\"Hama Hvar\",\"description\":\"\",\"potentialAction\":[{\"@type\":\"SearchAction\",\"target\":{\"@type\":\"EntryPoint\",\"urlTemplate\":\"https:\/\/www.hvar.si\/?s={search_term_string}\"},\"query-input\":\"required name=search_term_string\"}],\"inLanguage\":\"sl-SI\"}]}<\/script>\n<!-- \/ Yoast SEO plugin. -->","yoast_head_json":{"title":"Hama - Hama Hvar","robots":{"index":"index","follow":"follow","max-snippet":"max-snippet:-1","max-image-preview":"max-image-preview:large","max-video-preview":"max-video-preview:-1"},"canonical":"https:\/\/www.hvar.si\/sl\/hama\/","og_locale":"sl_SI","og_type":"article","og_title":"Hama - Hama Hvar","og_description":"Od kod ime Hama? Hama&nbsp;(znanstveno&nbsp;Argyrosomus regius) je vrsta zelo cenjene bele ribe, ki jo je bilo pred sto leti po vsem Jadranskem morju v izobilju, najve\u010d na ustjih rek Cetine in Neretve, kjer jo je \u0161e danes mogo\u010de najti. Zaradi izjemnega okusa, ki spominja na brancina, je bila med Dalmatinci nekdaj zelo priljubljena. Redkim primerkom, [&hellip;]","og_url":"https:\/\/www.hvar.si\/sl\/hama\/","og_site_name":"Hama Hvar","article_modified_time":"2022-09-30T09:37:50+00:00","twitter_card":"summary_large_image","twitter_misc":{"Est. reading time":"2 minuti"},"schema":{"@context":"https:\/\/schema.org","@graph":[{"@type":"WebPage","@id":"https:\/\/www.hvar.si\/sl\/hama\/","url":"https:\/\/www.hvar.si\/sl\/hama\/","name":"Hama - Hama Hvar","isPartOf":{"@id":"https:\/\/www.hvar.si\/#website"},"datePublished":"2022-08-05T18:52:28+00:00","dateModified":"2022-09-30T09:37:50+00:00","breadcrumb":{"@id":"https:\/\/www.hvar.si\/sl\/hama\/#breadcrumb"},"inLanguage":"sl-SI","potentialAction":[{"@type":"ReadAction","target":["https:\/\/www.hvar.si\/sl\/hama\/"]}]},{"@type":"BreadcrumbList","@id":"https:\/\/www.hvar.si\/sl\/hama\/#breadcrumb","itemListElement":[{"@type":"ListItem","position":1,"name":"Home","item":"https:\/\/www.hvar.si\/sl\/"},{"@type":"ListItem","position":2,"name":"Hama"}]},{"@type":"WebSite","@id":"https:\/\/www.hvar.si\/#website","url":"https:\/\/www.hvar.si\/","name":"Hama Hvar","description":"","potentialAction":[{"@type":"SearchAction","target":{"@type":"EntryPoint","urlTemplate":"https:\/\/www.hvar.si\/?s={search_term_string}"},"query-input":"required name=search_term_string"}],"inLanguage":"sl-SI"}]}},"_links":{"self":[{"href":"https:\/\/www.hvar.si\/sl\/wp-json\/wp\/v2\/pages\/257","targetHints":{"allow":["GET"]}}],"collection":[{"href":"https:\/\/www.hvar.si\/sl\/wp-json\/wp\/v2\/pages"}],"about":[{"href":"https:\/\/www.hvar.si\/sl\/wp-json\/wp\/v2\/types\/page"}],"author":[{"embeddable":true,"href":"https:\/\/www.hvar.si\/sl\/wp-json\/wp\/v2\/users\/1"}],"replies":[{"embeddable":true,"href":"https:\/\/www.hvar.si\/sl\/wp-json\/wp\/v2\/comments?post=257"}],"version-history":[{"count":1,"href":"https:\/\/www.hvar.si\/sl\/wp-json\/wp\/v2\/pages\/257\/revisions"}],"predecessor-version":[{"id":258,"href":"https:\/\/www.hvar.si\/sl\/wp-json\/wp\/v2\/pages\/257\/revisions\/258"}],"wp:attachment":[{"href":"https:\/\/www.hvar.si\/sl\/wp-json\/wp\/v2\/media?parent=257"}],"curies":[{"name":"wp","href":"https:\/\/api.w.org\/{rel}","templated":true}]}}