{"id":255,"date":"2022-08-05T20:54:22","date_gmt":"2022-08-05T18:54:22","guid":{"rendered":"https:\/\/www.hvar.si\/?page_id=255"},"modified":"2022-09-30T11:37:28","modified_gmt":"2022-09-30T09:37:28","slug":"hvar","status":"publish","type":"page","link":"https:\/\/www.hvar.si\/sl\/hvar\/","title":{"rendered":"Hvar"},"content":{"rendered":"\n<p><strong>OTOK HVAR<\/strong><\/p>\n\n\n\n<p>Hvar, ki meri 299,6 kvadratnih kilometrov, je v turisti\u010dnem pomenu najbolj znan jadranski otok, \u0161e posebej radi pa ga imajo Slovenci. Ve\u010dina turisti\u010dnih naselij in apartmajev se nahaja na zahodnem delu otoka, ki je prek najve\u010djega pristani\u0161\u010da v Starem Gradu z redno trajektno linijo povezan z mestom Split. Tu se nahajajo vsa ve\u010dja turisti\u010dna naselja, ki so prek moderne cestne infrasturkture lahko dostopna gostom s celine.<\/p>\n\n\n\n<p><strong>Prvinski, divji in neokrnjen zaliv Uvala Duboka, kjer od leta 2012 deluje ribogojnica Hama<\/strong><\/p>\n\n\n\n<p>Nasprotno pa vzhodni del Hvara s trajektnim pristani\u0161\u010dem Su\u010duraj, ki je s celino povezan preko Drvenika, na skrajnem robu otoka predstavlja divjo in neokrnjeno naravo z obmo\u010dji, ki so zaradi svoje odmaknjenosti u\u0161la pastem industrializacije in sodobne dru\u017ebe. Ribogojnica Hama se nahaja v zalivu Uvala Duboka v bli\u017eini manj\u0161ega naselja Bogomolje, kjer ni javne elektri\u010dne napeljave in vodovoda, se pa zato zaliv pona\u0161a s kar tremi naravnimi izviri sladke vode. Bogomolje in Su\u010duraj povezuje ozka krajevna cesta, kjer je zaradi nevarnosti zdrsa z dvignjenega cestnega platoja priporo\u010dljiva hitrost 40 kilometrov na uro, kar od obiska tega predela odvrne marsikaterega cestnega udobja vajenega turista. Zalivi na ju\u017eni in severni strani vzhodnega dela otoka so zaradi goratega terena te\u017eko dostopni saj zahtevajo strm in za marsikaterga voznika nevaren spust v dolino proti morju. To je razlog, da so ta obmo\u010dja manj privla\u010dna za mno\u017ei\u010dni turizem, prav zato pa so ostala toliko bolj prvinska, divja, \u010dista in neokrnjena, ter nadvse primerna za dejavnost trajnostnega ribogojstva.<\/p>\n\n\n\n<p><strong>Hvarske znamenitosti: med bu\u010dnim razko\u0161jem in tiho skromnostjo<\/strong><\/p>\n\n\n\n<p>Sonce na Hvaru v povpre\u010dju sije 2718 ur na leto, po \u0161tevilu son\u010dnih dni je Hvar na prvem mestu v primerjavi s kraji ob jadranski obali. Otok pokrivajo nasadi vinogradov in oljk, bogat je z aromati\u010dnimi rastlinami, di\u0161e\u010di borovimi gozdi\u010dki pa obra\u0161\u010dajo, po mnenju mnogih, najlep\u0161e pla\u017ee na Jadranu, ki se brez te\u017eav uvr\u0161\u010dajo med najbolj atraktivne in slikovite obale na svetu, s kristalno \u010disto smaragdno obarvano morsko vodo. K tej podobi raja pa je treba dodati \u0161e o\u010darljivost hvarskih naselij s \u0161tevilnimi kulturnozgodovinskimi spomeniki.<\/p>\n\n\n\n<p>Med najbolj atraktivnimi so ostanki rimske poletne hi\u0161e in utrjena vila pesnika Petra Hektorovi\u0107a, v Starem Gradu je bila zgrajena leta 1520 in poimenovana Tvrdalj, ter Arsenal v mestu Hvar, nekdanja ladjedelnica in prostor za popravilo rimskih galej. Na njegovem \u00bbpodstre\u0161ju\u00ab vse od leta 1612 deluje najstarej\u0161e javno gledali\u0161\u010de v Evropi, ki se mu je v 20. stoletju pridru\u017eila galerija sodobne umetnosti. Mesto Hvar je najbolj obiskano naselje na otoku kamor s svojimi razko\u0161nimi jahtami radi prihajajo tudi peti\u010dni, zabave \u017eeljni gostje, kjer pohajanje po ulicah s sendvi\u010dem in plastenko pija\u010de v roki ni dovoljeno. Tisti, ki si \u017eelijo ve\u010d spokoja in miru, pa raje obi\u0161\u010dejo opu\u0161\u010deno kamnito pastirsko naselje Humac iz 17. stoletja. Slednji velja za \u010dudovit primerek skromnega in pogosto premi\u010dnega ljudskega stavbarstva. Lastniki ga po\u010dasi obnavljajo in br\u017e\u010das se bo doslej tihi Humac kmalu spremenil v presti\u017eno turisti\u010dno naselje.<\/p>\n","protected":false},"excerpt":{"rendered":"<p>OTOK HVAR Hvar, ki meri 299,6 kvadratnih kilometrov, je v turisti\u010dnem pomenu najbolj znan jadranski otok, \u0161e posebej radi pa ga imajo Slovenci. Ve\u010dina turisti\u010dnih naselij in apartmajev se nahaja na zahodnem delu otoka, ki je prek najve\u010djega pristani\u0161\u010da v Starem Gradu z redno trajektno linijo povezan z mestom Split. Tu se nahajajo vsa ve\u010dja [&hellip;]<\/p>\n","protected":false},"author":1,"featured_media":0,"parent":0,"menu_order":0,"comment_status":"closed","ping_status":"closed","template":"","meta":{"inline_featured_image":false,"footnotes":""},"class_list":["post-255","page","type-page","status-publish","hentry"],"acf":[],"yoast_head":"<!-- This site is optimized with the Yoast SEO plugin v19.7.1 - https:\/\/yoast.com\/wordpress\/plugins\/seo\/ -->\n<title>Hvar - Hama Hvar<\/title>\n<meta name=\"robots\" content=\"index, follow, max-snippet:-1, max-image-preview:large, max-video-preview:-1\" \/>\n<link rel=\"canonical\" href=\"https:\/\/www.hvar.si\/sl\/hvar\/\" \/>\n<meta property=\"og:locale\" content=\"sl_SI\" \/>\n<meta property=\"og:type\" content=\"article\" \/>\n<meta property=\"og:title\" content=\"Hvar - Hama Hvar\" \/>\n<meta property=\"og:description\" content=\"OTOK HVAR Hvar, ki meri 299,6 kvadratnih kilometrov, je v turisti\u010dnem pomenu najbolj znan jadranski otok, \u0161e posebej radi pa ga imajo Slovenci. Ve\u010dina turisti\u010dnih naselij in apartmajev se nahaja na zahodnem delu otoka, ki je prek najve\u010djega pristani\u0161\u010da v Starem Gradu z redno trajektno linijo povezan z mestom Split. Tu se nahajajo vsa ve\u010dja [&hellip;]\" \/>\n<meta property=\"og:url\" content=\"https:\/\/www.hvar.si\/sl\/hvar\/\" \/>\n<meta property=\"og:site_name\" content=\"Hama Hvar\" \/>\n<meta property=\"article:modified_time\" content=\"2022-09-30T09:37:28+00:00\" \/>\n<meta name=\"twitter:card\" content=\"summary_large_image\" \/>\n<meta name=\"twitter:label1\" content=\"Est. reading time\" \/>\n\t<meta name=\"twitter:data1\" content=\"3 minute\" \/>\n<script type=\"application\/ld+json\" class=\"yoast-schema-graph\">{\"@context\":\"https:\/\/schema.org\",\"@graph\":[{\"@type\":\"WebPage\",\"@id\":\"https:\/\/www.hvar.si\/sl\/hvar\/\",\"url\":\"https:\/\/www.hvar.si\/sl\/hvar\/\",\"name\":\"Hvar - Hama Hvar\",\"isPartOf\":{\"@id\":\"https:\/\/www.hvar.si\/#website\"},\"datePublished\":\"2022-08-05T18:54:22+00:00\",\"dateModified\":\"2022-09-30T09:37:28+00:00\",\"breadcrumb\":{\"@id\":\"https:\/\/www.hvar.si\/sl\/hvar\/#breadcrumb\"},\"inLanguage\":\"sl-SI\",\"potentialAction\":[{\"@type\":\"ReadAction\",\"target\":[\"https:\/\/www.hvar.si\/sl\/hvar\/\"]}]},{\"@type\":\"BreadcrumbList\",\"@id\":\"https:\/\/www.hvar.si\/sl\/hvar\/#breadcrumb\",\"itemListElement\":[{\"@type\":\"ListItem\",\"position\":1,\"name\":\"Home\",\"item\":\"https:\/\/www.hvar.si\/sl\/\"},{\"@type\":\"ListItem\",\"position\":2,\"name\":\"Hvar\"}]},{\"@type\":\"WebSite\",\"@id\":\"https:\/\/www.hvar.si\/#website\",\"url\":\"https:\/\/www.hvar.si\/\",\"name\":\"Hama Hvar\",\"description\":\"\",\"potentialAction\":[{\"@type\":\"SearchAction\",\"target\":{\"@type\":\"EntryPoint\",\"urlTemplate\":\"https:\/\/www.hvar.si\/?s={search_term_string}\"},\"query-input\":\"required name=search_term_string\"}],\"inLanguage\":\"sl-SI\"}]}<\/script>\n<!-- \/ Yoast SEO plugin. -->","yoast_head_json":{"title":"Hvar - Hama Hvar","robots":{"index":"index","follow":"follow","max-snippet":"max-snippet:-1","max-image-preview":"max-image-preview:large","max-video-preview":"max-video-preview:-1"},"canonical":"https:\/\/www.hvar.si\/sl\/hvar\/","og_locale":"sl_SI","og_type":"article","og_title":"Hvar - Hama Hvar","og_description":"OTOK HVAR Hvar, ki meri 299,6 kvadratnih kilometrov, je v turisti\u010dnem pomenu najbolj znan jadranski otok, \u0161e posebej radi pa ga imajo Slovenci. Ve\u010dina turisti\u010dnih naselij in apartmajev se nahaja na zahodnem delu otoka, ki je prek najve\u010djega pristani\u0161\u010da v Starem Gradu z redno trajektno linijo povezan z mestom Split. Tu se nahajajo vsa ve\u010dja [&hellip;]","og_url":"https:\/\/www.hvar.si\/sl\/hvar\/","og_site_name":"Hama Hvar","article_modified_time":"2022-09-30T09:37:28+00:00","twitter_card":"summary_large_image","twitter_misc":{"Est. reading time":"3 minute"},"schema":{"@context":"https:\/\/schema.org","@graph":[{"@type":"WebPage","@id":"https:\/\/www.hvar.si\/sl\/hvar\/","url":"https:\/\/www.hvar.si\/sl\/hvar\/","name":"Hvar - Hama Hvar","isPartOf":{"@id":"https:\/\/www.hvar.si\/#website"},"datePublished":"2022-08-05T18:54:22+00:00","dateModified":"2022-09-30T09:37:28+00:00","breadcrumb":{"@id":"https:\/\/www.hvar.si\/sl\/hvar\/#breadcrumb"},"inLanguage":"sl-SI","potentialAction":[{"@type":"ReadAction","target":["https:\/\/www.hvar.si\/sl\/hvar\/"]}]},{"@type":"BreadcrumbList","@id":"https:\/\/www.hvar.si\/sl\/hvar\/#breadcrumb","itemListElement":[{"@type":"ListItem","position":1,"name":"Home","item":"https:\/\/www.hvar.si\/sl\/"},{"@type":"ListItem","position":2,"name":"Hvar"}]},{"@type":"WebSite","@id":"https:\/\/www.hvar.si\/#website","url":"https:\/\/www.hvar.si\/","name":"Hama Hvar","description":"","potentialAction":[{"@type":"SearchAction","target":{"@type":"EntryPoint","urlTemplate":"https:\/\/www.hvar.si\/?s={search_term_string}"},"query-input":"required name=search_term_string"}],"inLanguage":"sl-SI"}]}},"_links":{"self":[{"href":"https:\/\/www.hvar.si\/sl\/wp-json\/wp\/v2\/pages\/255","targetHints":{"allow":["GET"]}}],"collection":[{"href":"https:\/\/www.hvar.si\/sl\/wp-json\/wp\/v2\/pages"}],"about":[{"href":"https:\/\/www.hvar.si\/sl\/wp-json\/wp\/v2\/types\/page"}],"author":[{"embeddable":true,"href":"https:\/\/www.hvar.si\/sl\/wp-json\/wp\/v2\/users\/1"}],"replies":[{"embeddable":true,"href":"https:\/\/www.hvar.si\/sl\/wp-json\/wp\/v2\/comments?post=255"}],"version-history":[{"count":1,"href":"https:\/\/www.hvar.si\/sl\/wp-json\/wp\/v2\/pages\/255\/revisions"}],"predecessor-version":[{"id":256,"href":"https:\/\/www.hvar.si\/sl\/wp-json\/wp\/v2\/pages\/255\/revisions\/256"}],"wp:attachment":[{"href":"https:\/\/www.hvar.si\/sl\/wp-json\/wp\/v2\/media?parent=255"}],"curies":[{"name":"wp","href":"https:\/\/api.w.org\/{rel}","templated":true}]}}